{"id":10873,"date":"2025-07-10T15:29:03","date_gmt":"2025-07-10T12:29:03","guid":{"rendered":"https:\/\/mavigulus.com\/?page_id=10873"},"modified":"2025-07-10T17:16:27","modified_gmt":"2025-07-10T14:16:27","slug":"our-services","status":"publish","type":"page","link":"https:\/\/mavigulus.com\/en\/our-services\/","title":{"rendered":"Our Services"},"content":{"rendered":"<div class=\"wpb-content-wrapper\"><p>[vc_row content_placement=&#8221;middle&#8221; row_reverse_mobile=&#8221;1&#8243; css=&#8221;.vc_custom_1628502265373{margin-bottom: 40px !important;}&#8221; woodmart_css_id=&#8221;6110f8f536054&#8243; responsive_spacing=&#8221;eyJwYXJhbV90eXBlIjoid29vZG1hcnRfcmVzcG9uc2l2ZV9zcGFjaW5nIiwic2VsZWN0b3JfaWQiOiI2MTEwZjhmNTM2MDU0Iiwic2hvcnRjb2RlIjoidmNfcm93IiwiZGF0YSI6eyJ0YWJsZXQiOnt9LCJtb2JpbGUiOnsibWFyZ2luLWJvdHRvbSI6IjIwIn19fQ==&#8221; mobile_bg_img_hidden=&#8221;no&#8221; tablet_bg_img_hidden=&#8221;no&#8221; woodmart_parallax=&#8221;0&#8243; woodmart_gradient_switch=&#8221;no&#8221; row_reverse_tablet=&#8221;0&#8243; woodmart_disable_overflow=&#8221;0&#8243;][vc_column offset=&#8221;vc_col-lg-6 vc_col-md-6&#8243; css=&#8221;.vc_custom_1628502238403{margin-bottom: 40px !important;}&#8221; woodmart_css_id=&#8221;6110f8da6693f&#8221; responsive_spacing=&#8221;eyJwYXJhbV90eXBlIjoid29vZG1hcnRfcmVzcG9uc2l2ZV9zcGFjaW5nIiwic2VsZWN0b3JfaWQiOiI2MTEwZjhkYTY2OTNmIiwic2hvcnRjb2RlIjoidmNfY29sdW1uIiwiZGF0YSI6eyJ0YWJsZXQiOnt9LCJtb2JpbGUiOnt9fX0=&#8221; parallax_scroll=&#8221;no&#8221; mobile_bg_img_hidden=&#8221;no&#8221; tablet_bg_img_hidden=&#8221;no&#8221; woodmart_parallax=&#8221;0&#8243; woodmart_sticky_column=&#8221;false&#8221; mobile_reset_margin=&#8221;no&#8221; tablet_reset_margin=&#8221;no&#8221;]\n\t\t<div id=\"wd-6863d78c4ce64\" class=\"title-wrapper wd-wpb wd-set-mb reset-last-child  wd-rs-6863d78c4ce64 wd-title-color-default wd-title-style-default text-left vc_custom_1751373732512 wd-width-custom wd-underline-colored\">\n\t\t\t\n\t\t\t<div class=\"liner-continer\">\n\t\t\t\t<h4 class=\"woodmart-title-container title  wd-font-weight- wd-fontsize-l\" ><u>Hollywood Smile<\/u><\/h4>\n\t\t\t\t\t\t\t<\/div>\n\t\t\t\n\t\t\t\n\t\t\t\n\t\t<\/div>\n\t\t\n\t\t\t\t<div id=\"wd-6865182b19836\" class=\"wd-text-block wd-wpb reset-last-child wd-rs-6865182b19836 text-left wd-fontsize-custom vc_custom_1751455792290\">\n\t\t\t<p><span style=\"color: #000000;\"><span style=\"font-weight: 400;\">A perfect smile is now within your reach. We specialize in full smile makeovers using:<\/span><span style=\"font-weight: 400;\"><br \/>\n<\/span><span style=\"font-weight: 400;\"><br \/>\n<\/span><span style=\"font-weight: 400;\">&#8211; Zirconium Crowns: Strong, natural-looking, and biocompatible, ideal for those who want both durability and beauty.<\/span><span style=\"font-weight: 400;\"><br \/>\n<\/span><span style=\"font-weight: 400;\">&#8211; Porcelain Veneers: Ultra-thin shells bonded to the front surface of teeth to correct discoloration, gaps, misalignment, or chipped edges.<\/span><span style=\"font-weight: 400;\"><br \/>\n<\/span><span style=\"font-weight: 400;\"><br \/>\n<\/span><span style=\"font-weight: 400;\">Each case is customized to the patient\u2019s facial structure and personal preferences to create a dazzling, yet natural-looking result. Our digital design technology allows you to preview your new smile before the treatment even begins.<\/span><\/span><\/p>\n\t\t<\/div>\n\t\t[vc_row_inner content_placement=&#8221;middle&#8221;][vc_column_inner width=&#8221;1\/3&#8243; css=&#8221;.vc_custom_1523346470513{margin-bottom: 20px !important;}&#8221; offset=&#8221;vc_col-lg-4 vc_col-md-4&#8243;]<div id=\"wd-68651ce2bcbb5\" class=\" wd-rs-68651ce2bcbb5  wd-button-wrapper wd-smooth-scroll text-left\" data-smooth-time=\"100\" data-smooth-offset=\"100\"><a href=\"\/en\/contact-us\" title=\"\" class=\"btn btn-color-primary btn-style-round btn-shape-rectangle btn-size-default\">Contact Us<\/a><\/div>[\/vc_column_inner][vc_column_inner width=&#8221;2\/3&#8243; css=&#8221;.vc_custom_1523346465218{margin-bottom: 20px !important;}&#8221; offset=&#8221;vc_col-lg-8 vc_col-md-8&#8243;][\/vc_column_inner][\/vc_row_inner][\/vc_column][vc_column offset=&#8221;vc_col-lg-6 vc_col-md-6&#8243; css=&#8221;.vc_custom_1628502229490{margin-bottom: 40px !important;}&#8221; woodmart_css_id=&#8221;6110f8bda2832&#8243; responsive_spacing=&#8221;eyJwYXJhbV90eXBlIjoid29vZG1hcnRfcmVzcG9uc2l2ZV9zcGFjaW5nIiwic2VsZWN0b3JfaWQiOiI2MTEwZjhiZGEyODMyIiwic2hvcnRjb2RlIjoidmNfY29sdW1uIiwiZGF0YSI6eyJ0YWJsZXQiOnsibWFyZ2luLWJvdHRvbSI6IjEwMCJ9LCJtb2JpbGUiOnt9fX0=&#8221; parallax_scroll=&#8221;no&#8221; mobile_bg_img_hidden=&#8221;no&#8221; tablet_bg_img_hidden=&#8221;no&#8221; woodmart_parallax=&#8221;0&#8243; woodmart_sticky_column=&#8221;false&#8221; mobile_reset_margin=&#8221;no&#8221; tablet_reset_margin=&#8221;no&#8221;]\t\t<div id=\"wd-686fcae2adec9\" data-parallax='{\"y\":\"-60\",\"smoothness\":\"30\"}' class=\"wd-image wd-wpb wd-rs-686fcae2adec9 text-left vc_custom_1752156960898\">\n\t\t\t\n\t\t\t<img loading=\"lazy\" decoding=\"async\" width=\"1000\" height=\"667\" src=\"https:\/\/mavigulus.com\/wp-content\/uploads\/2025\/07\/2149103570-1.jpg\" class=\"attachment-full size-full\" alt=\"\" srcset=\"https:\/\/mavigulus.com\/wp-content\/uploads\/2025\/07\/2149103570-1.jpg 1000w, https:\/\/mavigulus.com\/wp-content\/uploads\/2025\/07\/2149103570-1-400x267.jpg 400w, https:\/\/mavigulus.com\/wp-content\/uploads\/2025\/07\/2149103570-1-768x512.jpg 768w\" sizes=\"auto, (max-width: 1000px) 100vw, 1000px\" \/>\n\t\t\t\t\t<\/div>\n\t\t[\/vc_column][\/vc_row][vc_row content_placement=&#8221;middle&#8221; css=&#8221;.vc_custom_1628502292628{margin-bottom: 40px !important;}&#8221; woodmart_css_id=&#8221;6110f90f705e6&#8243; responsive_spacing=&#8221;eyJwYXJhbV90eXBlIjoid29vZG1hcnRfcmVzcG9uc2l2ZV9zcGFjaW5nIiwic2VsZWN0b3JfaWQiOiI2MTEwZjkwZjcwNWU2Iiwic2hvcnRjb2RlIjoidmNfcm93IiwiZGF0YSI6eyJ0YWJsZXQiOnt9LCJtb2JpbGUiOnsibWFyZ2luLWJvdHRvbSI6IjIwIn19fQ==&#8221; mobile_bg_img_hidden=&#8221;no&#8221; tablet_bg_img_hidden=&#8221;no&#8221; woodmart_parallax=&#8221;0&#8243; woodmart_gradient_switch=&#8221;no&#8221; row_reverse_mobile=&#8221;0&#8243; row_reverse_tablet=&#8221;0&#8243; woodmart_disable_overflow=&#8221;0&#8243;][vc_column css=&#8221;.vc_custom_1628502280568{margin-bottom: 40px !important;}&#8221; offset=&#8221;vc_col-lg-6 vc_col-md-6&#8243; woodmart_css_id=&#8221;6110f90021ab1&#8243; responsive_spacing=&#8221;eyJwYXJhbV90eXBlIjoid29vZG1hcnRfcmVzcG9uc2l2ZV9zcGFjaW5nIiwic2VsZWN0b3JfaWQiOiI2MTEwZjkwMDIxYWIxIiwic2hvcnRjb2RlIjoidmNfY29sdW1uIiwiZGF0YSI6eyJ0YWJsZXQiOnsibWFyZ2luLWJvdHRvbSI6IjEwMCJ9LCJtb2JpbGUiOnt9fX0=&#8221; parallax_scroll=&#8221;no&#8221; mobile_bg_img_hidden=&#8221;no&#8221; tablet_bg_img_hidden=&#8221;no&#8221; woodmart_parallax=&#8221;0&#8243; woodmart_sticky_column=&#8221;false&#8221; mobile_reset_margin=&#8221;no&#8221; tablet_reset_margin=&#8221;no&#8221;]\t\t<div id=\"wd-686fcb24afc6f\" data-parallax='{\"y\":\"-60\",\"smoothness\":\"30\"}' class=\"wd-image wd-wpb wd-rs-686fcb24afc6f text-left vc_custom_1752156972688\">\n\t\t\t\n\t\t\t<img loading=\"lazy\" decoding=\"async\" width=\"1000\" height=\"667\" src=\"https:\/\/mavigulus.com\/wp-content\/uploads\/2025\/07\/80799-1.jpg\" class=\"attachment-full size-full\" alt=\"\" srcset=\"https:\/\/mavigulus.com\/wp-content\/uploads\/2025\/07\/80799-1.jpg 1000w, https:\/\/mavigulus.com\/wp-content\/uploads\/2025\/07\/80799-1-400x267.jpg 400w, https:\/\/mavigulus.com\/wp-content\/uploads\/2025\/07\/80799-1-768x512.jpg 768w\" sizes=\"auto, (max-width: 1000px) 100vw, 1000px\" \/>\n\t\t\t\t\t<\/div>\n\t\t[\/vc_column][vc_column css=&#8221;.vc_custom_1628502285636{margin-bottom: 40px !important;}&#8221; offset=&#8221;vc_col-lg-6 vc_col-md-6&#8243; woodmart_css_id=&#8221;6110f90a70b69&#8243; responsive_spacing=&#8221;eyJwYXJhbV90eXBlIjoid29vZG1hcnRfcmVzcG9uc2l2ZV9zcGFjaW5nIiwic2VsZWN0b3JfaWQiOiI2MTEwZjkwYTcwYjY5Iiwic2hvcnRjb2RlIjoidmNfY29sdW1uIiwiZGF0YSI6eyJ0YWJsZXQiOnt9LCJtb2JpbGUiOnt9fX0=&#8221; parallax_scroll=&#8221;no&#8221; mobile_bg_img_hidden=&#8221;no&#8221; tablet_bg_img_hidden=&#8221;no&#8221; woodmart_parallax=&#8221;0&#8243; woodmart_sticky_column=&#8221;false&#8221; mobile_reset_margin=&#8221;no&#8221; tablet_reset_margin=&#8221;no&#8221;]\n\t\t<div id=\"wd-6863ff14350b7\" class=\"title-wrapper wd-wpb wd-set-mb reset-last-child  wd-rs-6863ff14350b7 wd-title-color-default wd-title-style-default text-left vc_custom_1751383833338 wd-width-custom wd-underline-colored\">\n\t\t\t\n\t\t\t<div class=\"liner-continer\">\n\t\t\t\t<h4 class=\"woodmart-title-container title  wd-font-weight- wd-fontsize-l\" ><u>Dental Implants<\/u><\/h4>\n\t\t\t\t\t\t\t<\/div>\n\t\t\t\n\t\t\t\n\t\t\t\n\t\t<\/div>\n\t\t\n\t\t\t\t<div id=\"wd-68651834749df\" class=\"wd-text-block wd-wpb reset-last-child wd-rs-68651834749df text-left wd-fontsize-custom vc_custom_1751455801116\">\n\t\t\t<p><span style=\"font-weight: 400;\">Dental implants are the gold standard for replacing missing teeth. At Mavi G\u00fcl\u00fc\u015f, we offer comprehensive implant solutions tailored to your needs.<\/span><span style=\"font-weight: 400;\"><br \/>\n<\/span><span style=\"font-weight: 400;\"><br \/>\n<\/span><span style=\"font-weight: 400;\">Single Tooth Implant<\/span><span style=\"font-weight: 400;\"><br \/>\n<\/span><span style=\"font-weight: 400;\">Ideal for replacing one or more individual missing teeth without affecting neighboring teeth. A titanium post is surgically placed in the jawbone, acting as a strong and permanent root for a custom-made crown.<\/span><span style=\"font-weight: 400;\"><br \/>\n<\/span><span style=\"font-weight: 400;\"><br \/>\n<\/span><span style=\"font-weight: 400;\">All-on-4<\/span><span style=\"font-weight: 400;\"><br \/>\n<\/span><span style=\"font-weight: 400;\">This technique supports a full arch of fixed teeth using just four strategically placed implants. It minimizes the need for bone grafting and ensures quicker recovery.<\/span><span style=\"font-weight: 400;\"><br \/>\n<\/span><span style=\"font-weight: 400;\"><br \/>\n<\/span><span style=\"font-weight: 400;\">All-on-6<\/span><span style=\"font-weight: 400;\"><br \/>\n<\/span><span style=\"font-weight: 400;\">An enhanced version of All-on-4 using six implants to provide greater support and stability for a full arch of teeth.<\/span><\/p>\n\t\t<\/div>\n\t\t[vc_row_inner content_placement=&#8221;middle&#8221;][vc_column_inner width=&#8221;1\/3&#8243; css=&#8221;.vc_custom_1523346470513{margin-bottom: 20px !important;}&#8221; offset=&#8221;vc_col-lg-4 vc_col-md-4&#8243;]<div id=\"wd-68651cda3f531\" class=\" wd-rs-68651cda3f531  wd-button-wrapper wd-smooth-scroll text-left\" data-smooth-time=\"100\" data-smooth-offset=\"100\"><a href=\"\/en\/contact-us\" title=\"\" class=\"btn btn-color-primary btn-style-round btn-shape-rectangle btn-size-default\">Contact Us<\/a><\/div>[\/vc_column_inner][vc_column_inner width=&#8221;2\/3&#8243; css=&#8221;.vc_custom_1523346465218{margin-bottom: 20px !important;}&#8221; offset=&#8221;vc_col-lg-8 vc_col-md-8&#8243;][\/vc_column_inner][\/vc_row_inner][\/vc_column][\/vc_row][vc_row content_placement=&#8221;middle&#8221; row_reverse_mobile=&#8221;1&#8243; css=&#8221;.vc_custom_1628502265373{margin-bottom: 40px !important;}&#8221; woodmart_css_id=&#8221;6110f8f536054&#8243; responsive_spacing=&#8221;eyJwYXJhbV90eXBlIjoid29vZG1hcnRfcmVzcG9uc2l2ZV9zcGFjaW5nIiwic2VsZWN0b3JfaWQiOiI2MTEwZjhmNTM2MDU0Iiwic2hvcnRjb2RlIjoidmNfcm93IiwiZGF0YSI6eyJ0YWJsZXQiOnt9LCJtb2JpbGUiOnsibWFyZ2luLWJvdHRvbSI6IjIwIn19fQ==&#8221; mobile_bg_img_hidden=&#8221;no&#8221; tablet_bg_img_hidden=&#8221;no&#8221; woodmart_parallax=&#8221;0&#8243; woodmart_gradient_switch=&#8221;no&#8221; row_reverse_tablet=&#8221;0&#8243; woodmart_disable_overflow=&#8221;0&#8243;][vc_column offset=&#8221;vc_col-lg-6 vc_col-md-6&#8243; css=&#8221;.vc_custom_1628502238403{margin-bottom: 40px !important;}&#8221; woodmart_css_id=&#8221;6110f8da6693f&#8221; responsive_spacing=&#8221;eyJwYXJhbV90eXBlIjoid29vZG1hcnRfcmVzcG9uc2l2ZV9zcGFjaW5nIiwic2VsZWN0b3JfaWQiOiI2MTEwZjhkYTY2OTNmIiwic2hvcnRjb2RlIjoidmNfY29sdW1uIiwiZGF0YSI6eyJ0YWJsZXQiOnt9LCJtb2JpbGUiOnt9fX0=&#8221; parallax_scroll=&#8221;no&#8221; mobile_bg_img_hidden=&#8221;no&#8221; tablet_bg_img_hidden=&#8221;no&#8221; woodmart_parallax=&#8221;0&#8243; woodmart_sticky_column=&#8221;false&#8221; mobile_reset_margin=&#8221;no&#8221; tablet_reset_margin=&#8221;no&#8221;]\n\t\t<div id=\"wd-6863ff2628001\" class=\"title-wrapper wd-wpb wd-set-mb reset-last-child  wd-rs-6863ff2628001 wd-title-color-default wd-title-style-default text-left vc_custom_1751383851241 wd-width-custom wd-underline-colored\">\n\t\t\t\n\t\t\t<div class=\"liner-continer\">\n\t\t\t\t<h4 class=\"woodmart-title-container title  wd-font-weight- wd-fontsize-l\" ><u>Dental Treatments<\/u><\/h4>\n\t\t\t\t\t\t\t<\/div>\n\t\t\t\n\t\t\t\n\t\t\t\n\t\t<\/div>\n\t\t\n\t\t\t\t<div id=\"wd-6865183de4a09\" class=\"wd-text-block wd-wpb reset-last-child wd-rs-6865183de4a09 text-left wd-fontsize-custom vc_custom_1751455809322\">\n\t\t\t<p><span style=\"font-weight: 400;\">From routine care to complex procedures, our clinic offers a full range of dental services including:<\/span><\/p>\n<ul>\n<li><span style=\"font-weight: 400;\">Fillings and root canals<\/span><\/li>\n<li><span style=\"font-weight: 400;\">Teeth cleaning and whitening<\/span><\/li>\n<li><span style=\"font-weight: 400;\">Gum disease treatments<\/span><\/li>\n<li><span style=\"font-weight: 400;\">Tooth extractions and minor oral surgeries<\/span><\/li>\n<\/ul>\n<p><span style=\"font-weight: 400;\">We prioritize patient comfort and safety while ensuring the highest standard of dental care.<\/span><\/p>\n\t\t<\/div>\n\t\t[vc_row_inner content_placement=&#8221;middle&#8221;][vc_column_inner width=&#8221;1\/3&#8243; css=&#8221;.vc_custom_1523346470513{margin-bottom: 20px !important;}&#8221; offset=&#8221;vc_col-lg-4 vc_col-md-4&#8243;]<div id=\"wd-68651ccaea6ff\" class=\" wd-rs-68651ccaea6ff  wd-button-wrapper wd-smooth-scroll text-left\" data-smooth-time=\"100\" data-smooth-offset=\"100\"><a href=\"\/en\/contact-us\" title=\"\" class=\"btn btn-color-primary btn-style-round btn-shape-rectangle btn-size-default\">Contact Us<\/a><\/div>[\/vc_column_inner][vc_column_inner width=&#8221;2\/3&#8243; css=&#8221;.vc_custom_1523346465218{margin-bottom: 20px !important;}&#8221; offset=&#8221;vc_col-lg-8 vc_col-md-8&#8243;][\/vc_column_inner][\/vc_row_inner][\/vc_column][vc_column offset=&#8221;vc_col-lg-6 vc_col-md-6&#8243; css=&#8221;.vc_custom_1628502229490{margin-bottom: 40px !important;}&#8221; woodmart_css_id=&#8221;6110f8bda2832&#8243; responsive_spacing=&#8221;eyJwYXJhbV90eXBlIjoid29vZG1hcnRfcmVzcG9uc2l2ZV9zcGFjaW5nIiwic2VsZWN0b3JfaWQiOiI2MTEwZjhiZGEyODMyIiwic2hvcnRjb2RlIjoidmNfY29sdW1uIiwiZGF0YSI6eyJ0YWJsZXQiOnsibWFyZ2luLWJvdHRvbSI6IjEwMCJ9LCJtb2JpbGUiOnt9fX0=&#8221; parallax_scroll=&#8221;no&#8221; mobile_bg_img_hidden=&#8221;no&#8221; tablet_bg_img_hidden=&#8221;no&#8221; woodmart_parallax=&#8221;0&#8243; woodmart_sticky_column=&#8221;false&#8221; mobile_reset_margin=&#8221;no&#8221; tablet_reset_margin=&#8221;no&#8221;]\t\t<div id=\"wd-686fcb3073cec\" data-parallax='{\"y\":\"-60\",\"smoothness\":\"30\"}' class=\"wd-image wd-wpb wd-rs-686fcb3073cec text-left vc_custom_1752156984179\">\n\t\t\t\n\t\t\t<img loading=\"lazy\" decoding=\"async\" width=\"1000\" height=\"667\" src=\"https:\/\/mavigulus.com\/wp-content\/uploads\/2025\/07\/2149206225-1.jpg\" class=\"attachment-full size-full\" alt=\"\" srcset=\"https:\/\/mavigulus.com\/wp-content\/uploads\/2025\/07\/2149206225-1.jpg 1000w, https:\/\/mavigulus.com\/wp-content\/uploads\/2025\/07\/2149206225-1-400x267.jpg 400w, https:\/\/mavigulus.com\/wp-content\/uploads\/2025\/07\/2149206225-1-768x512.jpg 768w\" sizes=\"auto, (max-width: 1000px) 100vw, 1000px\" \/>\n\t\t\t\t\t<\/div>\n\t\t[\/vc_column][\/vc_row]<\/p>\n<\/div>","protected":false},"excerpt":{"rendered":"<p>[vc_row content_placement=&#8221;middle&#8221; row_reverse_mobile=&#8221;1&#8243; css=&#8221;.vc_custom_1628502265373{margin-bottom: 40px !important;}&#8221; woodmart_css_id=&#8221;6110f8f536054&#8243; responsive_spacing=&#8221;eyJwYXJhbV90eXBlIjoid29vZG1hcnRfcmVzcG9uc2l2ZV9zcGFjaW5nIiwic2VsZWN0b3JfaWQiOiI2MTEwZjhmNTM2MDU0Iiwic2hvcnRjb2RlIjoidmNfcm93IiwiZGF0YSI6eyJ0YWJsZXQiOnt9LCJtb2JpbGUiOnsibWFyZ2luLWJvdHRvbSI6IjIwIn19fQ==&#8221; mobile_bg_img_hidden=&#8221;no&#8221; tablet_bg_img_hidden=&#8221;no&#8221; woodmart_parallax=&#8221;0&#8243; woodmart_gradient_switch=&#8221;no&#8221; row_reverse_tablet=&#8221;0&#8243; woodmart_disable_overflow=&#8221;0&#8243;][vc_column offset=&#8221;vc_col-lg-6 vc_col-md-6&#8243; css=&#8221;.vc_custom_1628502238403{margin-bottom: 40px !important;}&#8221; woodmart_css_id=&#8221;6110f8da6693f&#8221;<\/p>\n","protected":false},"author":2,"featured_media":0,"parent":0,"menu_order":0,"comment_status":"closed","ping_status":"closed","template":"","meta":{"footnotes":""},"class_list":["post-10873","page","type-page","status-publish","hentry"],"_links":{"self":[{"href":"https:\/\/mavigulus.com\/en\/wp-json\/wp\/v2\/pages\/10873","targetHints":{"allow":["GET"]}}],"collection":[{"href":"https:\/\/mavigulus.com\/en\/wp-json\/wp\/v2\/pages"}],"about":[{"href":"https:\/\/mavigulus.com\/en\/wp-json\/wp\/v2\/types\/page"}],"author":[{"embeddable":true,"href":"https:\/\/mavigulus.com\/en\/wp-json\/wp\/v2\/users\/2"}],"replies":[{"embeddable":true,"href":"https:\/\/mavigulus.com\/en\/wp-json\/wp\/v2\/comments?post=10873"}],"version-history":[{"count":4,"href":"https:\/\/mavigulus.com\/en\/wp-json\/wp\/v2\/pages\/10873\/revisions"}],"predecessor-version":[{"id":10877,"href":"https:\/\/mavigulus.com\/en\/wp-json\/wp\/v2\/pages\/10873\/revisions\/10877"}],"wp:attachment":[{"href":"https:\/\/mavigulus.com\/en\/wp-json\/wp\/v2\/media?parent=10873"}],"curies":[{"name":"wp","href":"https:\/\/api.w.org\/{rel}","templated":true}]}}